{"id":1267,"date":"2026-02-16T00:22:06","date_gmt":"2026-02-15T23:22:06","guid":{"rendered":"https:\/\/moclarus.com\/?page_id=1267"},"modified":"2026-03-13T17:33:01","modified_gmt":"2026-03-13T16:33:01","slug":"tjanster","status":"publish","type":"page","link":"https:\/\/moclarus.com\/?page_id=1267","title":{"rendered":"Services"},"content":{"rendered":"\n    \n    <section class=\"u-clearfix u-container-align-center-sm u-container-align-center-xs u-section-2\" id=\"block-2\">\n      <div class=\"u-clearfix u-sheet u-sheet-1\">\n        <h1 class=\"u-align-center-sm u-align-center-xs u-text u-text-default u-text-1\"> Tj\u00e4nster<br><span style=\"font-size: 1.125rem; font-weight: 400;\"><\/span>\n        <\/h1>\n        <div class=\"u-expanded-width u-gallery u-layout-grid u-lightbox u-no-transition u-show-text-always u-gallery-1\">\n          <div class=\"u-gallery-inner u-gallery-inner-1\">\n            <div class=\"u-effect-hover-zoom u-gallery-item\" data-href=\"https:\/\/moclarus.com\/?page_id=1268\" title=\"\u200b\u200bAff\u00e4rsstrategi\">\n              <div class=\"u-back-slide\" data-image-width=\"546\" data-image-height=\"552\">\n                <img class=\"u-back-image u-expanded lazyload\" alt=\"\" data-src=\"https:\/\/moclarus.com\/wp-content\/uploads\/2026\/02\/Screenshot2025-08-21at21.23.33.png\" loading=\"lazy\">\n              <\/div>\n              <div class=\"u-container-align-center u-over-slide u-shading u-valign-middle u-over-slide-1\">\n                <p class=\"u-align-center u-gallery-text\" style=\"margin-right: 0px; margin-left: 0px; font-size: 1.125rem;\">Strategisk riktning<\/p>\n              <\/div>\n            <\/div>\n            <div class=\"u-effect-hover-zoom u-gallery-item\" data-href=\"https:\/\/moclarus.com\/?page_id=1264\" title=\"\u200bF\u00f6rs\u00e4ljningsst\u00f6d\">\n              <div class=\"u-back-slide\" data-image-width=\"1024\" data-image-height=\"1536\">\n                <img class=\"u-back-image u-expanded lazyload\" data-src=\"https:\/\/moclarus.com\/wp-content\/uploads\/2026\/02\/Afounder-ledB2Bco.png\" loading=\"lazy\">\n              <\/div>\n              <div class=\"u-container-align-center u-over-slide u-shading u-valign-middle u-over-slide-2\">\n                <p class=\"u-align-center u-gallery-text\" style=\"margin-right: 0px; margin-left: 0px; font-size: 1.125rem;\">Kommersiell struktur<\/p>\n              <\/div>\n            <\/div>\n            <div class=\"u-effect-hover-zoom u-gallery-item\" data-href=\"https:\/\/moclarus.com\/?page_id=1265\" title=\"\u200b\u200bF\u00f6rb\u00e4ttra arbetsfl\u00f6det\">\n              <div class=\"u-back-slide\" data-image-width=\"1425\" data-image-height=\"1000\">\n                <img class=\"u-back-image u-expanded lazyload\" data-src=\"https:\/\/moclarus.com\/wp-content\/uploads\/2026\/02\/ZJk.jpg\" loading=\"lazy\">\n              <\/div>\n              <div class=\"u-container-align-center u-over-slide u-shading u-valign-middle u-over-slide-3\">\n                <p class=\"u-align-center u-gallery-text\" style=\"margin-right: 0px; margin-left: 0px; font-size: 1.125rem;\">Klarhet i vardagen<\/p>\n              <\/div>\n            <\/div>\n            <div class=\"u-effect-hover-zoom u-gallery-item\" data-href=\"https:\/\/moclarus.com\/?page_id=1262\" title=\"\u200b\u200bTeam och kultur\">\n              <div class=\"u-back-slide\" data-image-width=\"718\" data-image-height=\"1000\">\n                <img class=\"u-back-image u-expanded lazyload\" data-src=\"https:\/\/moclarus.com\/wp-content\/uploads\/2026\/02\/AKFTFhxg-1.png\" loading=\"lazy\">\n              <\/div>\n              <div class=\"u-container-align-center u-over-slide u-shading u-valign-middle u-over-slide-4\">\n                <p class=\"u-align-center u-gallery-text\" style=\"margin-right: 0px; margin-left: 0px; font-size: 1.125rem;\">Samarbete och ansvar<\/p>\n              <\/div>\n            <\/div>\n          <\/div>\n        <\/div>\n        <p class=\"u-align-center-sm u-align-center-xs u-text u-text-default u-text-2\"> Vi arbetar fr\u00e4mst med \u00e4garledda B2B-f\u00f6retag med 10 till 50 anst\u00e4llda d\u00e4r tempot har \u00f6kat snabbare \u00e4n strukturen.<br>\n          <br><span style=\"font-weight: 700;\">K\u00e4nner ni igen er?<\/span>\n          <br>\n          <br>\u2022 F\u00f6rs\u00e4ljningen k\u00e4nns tyngre \u00e4n den beh\u00f6ver vara, trots ett starkt erbjudande.<br>\u2022 Initiativ startas, men vardagen blir mer komplex i st\u00e4llet f\u00f6r tydligare.<br>\u2022 Ledningen fastnar i operativa fr\u00e5gor, och beslut beh\u00f6ver fattas flera g\u00e5nger.<br>\n          <br>N\u00e4r tempot springer ifr\u00e5n strukturen beh\u00f6vs tydlig riktning \u2013 inte fler metoder. MoClarus handlar inte om fler processer eller tyngre modeller, utan om att ta bort den otydlighet som g\u00f6r vardagen mer komplex \u00e4n den beh\u00f6ver vara.<br>\n          <br>Arbetet b\u00f6rjar med att synligg\u00f6ra vad som skapar otydlighet i organisationen och ers\u00e4tta det med klarhet. Det g\u00f6r det l\u00e4ttare att leda med lugn, fatta beslut med precision och skapa framdrift utan on\u00f6dig friktion. N\u00e4r prioriteringar och ansvar blir tydliga, och arbetet h\u00e4nger ihop, frig\u00f6rs tid, fokus och genomf\u00f6randekraft.<br>\n          <br>I st\u00e4llet f\u00f6r att lappa enskilda problem arbetar MoClarus med ett sammanh\u00e5llet arbetss\u00e4tt d\u00e4r strategi, f\u00f6rs\u00e4ljning, arbetsfl\u00f6den och samarbete r\u00f6r sig i samma riktning. Resultatet \u00e4r klarhet i vardagen och utveckling som h\u00e5ller \u00f6ver tid.<br>\n          <br>Om ni k\u00e4nner igen er \u00e4r n\u00e4sta steg enkelt: boka ett f\u00f6rsta m\u00f6te, s\u00e5 kartl\u00e4gger vi vad som beh\u00f6ver bli tydligt f\u00f6rst.\n        <\/p>\n      <\/div>\n    <\/section>\n    \n    \n    \n  \n","protected":false},"excerpt":{"rendered":"<p>Tj\u00e4nster Strategisk riktning Kommersiell struktur Klarhet i vardagen Samarbete och ansvar Vi arbetar fr\u00e4mst med \u00e4garledda B2B-f\u00f6retag med 10 till 50 anst\u00e4llda d\u00e4r tempot har \u00f6kat snabbare \u00e4n strukturen. K\u00e4nner ni igen er? \u2022 F\u00f6rs\u00e4ljningen k\u00e4nns tyngre \u00e4n den beh\u00f6ver vara, trots ett starkt erbjudande.\u2022 Initiativ startas, men vardagen blir mer komplex i st\u00e4llet f\u00f6r &hellip; <a href=\"https:\/\/moclarus.com\/?page_id=1267\" class=\"more-link\">Continue reading<span class=\"screen-reader-text\"> &#8220;Services&#8221;<\/span><\/a><\/p>\n","protected":false},"author":3,"featured_media":0,"parent":0,"menu_order":6,"comment_status":"closed","ping_status":"closed","template":"","meta":{"footnotes":""},"class_list":["post-1267","page","type-page","status-publish","hentry"],"_links":{"self":[{"href":"https:\/\/moclarus.com\/index.php?rest_route=\/wp\/v2\/pages\/1267","targetHints":{"allow":["GET"]}}],"collection":[{"href":"https:\/\/moclarus.com\/index.php?rest_route=\/wp\/v2\/pages"}],"about":[{"href":"https:\/\/moclarus.com\/index.php?rest_route=\/wp\/v2\/types\/page"}],"author":[{"embeddable":true,"href":"https:\/\/moclarus.com\/index.php?rest_route=\/wp\/v2\/users\/3"}],"replies":[{"embeddable":true,"href":"https:\/\/moclarus.com\/index.php?rest_route=%2Fwp%2Fv2%2Fcomments&post=1267"}],"version-history":[{"count":11,"href":"https:\/\/moclarus.com\/index.php?rest_route=\/wp\/v2\/pages\/1267\/revisions"}],"predecessor-version":[{"id":2171,"href":"https:\/\/moclarus.com\/index.php?rest_route=\/wp\/v2\/pages\/1267\/revisions\/2171"}],"wp:attachment":[{"href":"https:\/\/moclarus.com\/index.php?rest_route=%2Fwp%2Fv2%2Fmedia&parent=1267"}],"curies":[{"name":"wp","href":"https:\/\/api.w.org\/{rel}","templated":true}]}}