{"id":1266,"date":"2026-02-16T00:22:05","date_gmt":"2026-02-15T23:22:05","guid":{"rendered":"https:\/\/moclarus.com\/?page_id=1266"},"modified":"2026-03-13T17:47:28","modified_gmt":"2026-03-13T16:47:28","slug":"kontakta-oss","status":"publish","type":"page","link":"https:\/\/moclarus.com\/?page_id=1266","title":{"rendered":"Contact Us"},"content":{"rendered":"\n    \n    <section class=\"u-clearfix u-section-2\" id=\"block-2\">\n      <div class=\"u-clearfix u-sheet u-valign-middle-sm u-valign-middle-xl u-valign-middle-xs u-sheet-1\">\n        <div class=\"data-layout-selected u-clearfix u-expanded-width u-gutter-20 u-layout-wrap u-layout-wrap-1\">\n          <div class=\"u-layout\" style=\"\">\n            <div class=\"u-layout-row\" style=\"\">\n              <div class=\"u-align-center-xs u-container-align-center-xs u-container-style u-layout-cell u-size-30 u-layout-cell-1\">\n                <div class=\"u-container-layout u-container-layout-1\">\n                  <h1 class=\"u-align-center-sm u-text u-text-default u-text-1\">Kontakta oss<\/h1>\n                  <p class=\"u-align-left-lg u-align-left-md u-align-left-sm u-align-left-xl u-text u-text-default u-text-2\"><span style=\"font-weight: 700;\"><\/span><span style=\"font-weight: 700;\">Vill ni v\u00e4xa med tydligare riktning och b\u00e4ttre struktur?<\/span>\n                    <br>I m\u00e5nga \u00e4garledda B2B-f\u00f6retag \u00e4r problemet s\u00e4llan ambition eller kompetens. Det som oftare saknas \u00e4r tydlighet i vad som \u00e4r viktigast, vem som \u00e4ger vad och vilka beslut som faktiskt g\u00e4ller i vardagen.<br>\n                    <br>N\u00e4r ni kontaktar MoClarus b\u00f6rjar vi inte med en modell eller ett f\u00e4rdigt uppl\u00e4gg. \u200bVi b\u00f6rjar med att se var prioriteringar \u00e4r oklara, ansvar \u00e4r otydligt och beslut tas om och om igen.<br>\n                  <\/p>\n                <\/div>\n              <\/div>\n              <div class=\"u-container-align-center-lg u-container-align-center-md u-container-align-center-xl u-container-style u-image u-layout-cell u-size-30 lazyload u-image-1\" data-image-width=\"1138\" data-image-height=\"1282\" data-bg=\"url(&quot;https:\/\/moclarus.com\/wp-content\/uploads\/2026\/02\/Om-oss-moclarus.webp&quot;)\">\n                <div class=\"u-container-layout u-valign-top-md u-container-layout-2\">\n                  <div class=\"custom-expanded u-align-center-sm u-align-center-xs u-form u-form-1\">\n                            <script>\n            function onSuccess(event) {\n                if (typeof window.serviceRequest !== 'undefined') {\n                    window.serviceRequest(jQuery(this).find('form'));\n                }\n                var msgContainer = jQuery(event.currentTarget).find('.wpcf7-response-output');\n                msgContainer.removeClass('u-form-send-error').addClass('u-form-send-message u-form-send-success');\n                msgContainer.show();\n                var redirectAddress = jQuery(event.currentTarget).find('[redirect-address]').attr('redirect-address');\n                if (redirectAddress) {\n                    setTimeout(function () {\n                        location.replace(redirectAddress);\n                    }, 2000);\n                }\n            }\n            function onError(event) {\n                var msgContainer = jQuery(event.currentTarget).find('.wpcf7-response-output');\n                msgContainer.removeClass('u-form-send-success').addClass('u-form-send-message u-form-send-error');\n                msgContainer.show();\n            }\n\n            jQuery('body')\n                .on('wpcf7mailsent',   '.u-form .wpcf7', onSuccess)\n                .on('wpcf7invalid',    '.u-form .wpcf7', onError)\n                .on('wpcf7:unaccepted', '.u-form .wpcf7', onError)\n                .on('wpcf7spam',       '.u-form .wpcf7', onError)\n                .on('wpcf7:aborted',    '.u-form .wpcf7', onError)\n                .on('wpcf7mailfailed', '.u-form .wpcf7', onError);\n        <\/script>\n        <style>\n            .u-form .wpcf7-response-output {\n                \/*position: relative !important;*\/\n                margin: 0 !important;\n                bottom: -70px!important;\n            }\n            .u-form .wpcf7 .ajax-loader {\n                margin-left: -24px;\n                margin-right: 0;\n            }\n        <\/style>\n\n<div class=\"wpcf7 no-js\" id=\"wpcf7-f1275-o1\" lang=\"da-DK\" dir=\"ltr\" data-wpcf7-id=\"1275\">\n<div class=\"screen-reader-response\"><p role=\"status\" aria-live=\"polite\" aria-atomic=\"true\"><\/p> <ul><\/ul><\/div>\n<form style=\"padding: 10px;\" action=\"\/index.php?rest_route=%2Fwp%2Fv2%2Fpages%2F1266#wpcf7-f1275-o1\" method=\"post\" class=\"wpcf7-form init u-clearfix u-form-spacing-10 u-form-vertical u-inner-form u-form-custom-backend\" aria-label=\"Kontaktformular\" novalidate=\"novalidate\" data-status=\"init\">\n<fieldset class=\"hidden-fields-container\"><input type=\"hidden\" name=\"_wpcf7\" value=\"1275\" \/><input type=\"hidden\" name=\"_wpcf7_version\" value=\"6.1.5\" \/><input type=\"hidden\" name=\"_wpcf7_locale\" value=\"da_DK\" \/><input type=\"hidden\" name=\"_wpcf7_unit_tag\" value=\"wpcf7-f1275-o1\" \/><input type=\"hidden\" name=\"_wpcf7_container_post\" value=\"0\" \/><input type=\"hidden\" name=\"_wpcf7_posted_data_hash\" value=\"\" \/>\n<\/fieldset>\n\n                      <div class=\"u-form-group wpcf7-form-control-wrap u-form-name\">\n                        <label class=\"u-form-control-hidden u-label\"><\/label>\n                        <input type=\"text\" placeholder=\"Firma Namn\" id=\"name-a3fa\" name=\"name1\" class=\"u-input wpcf7-form-control u-input-rectangle\" required=\"\">\n                      <\/div>\n                      <div class=\"u-form-group wpcf7-form-control-wrap u-form-name u-form-group wpcf7-form-control-wrap-2\">\n                        <label class=\"u-form-control-hidden u-label\"><\/label>\n                        <input type=\"text\" placeholder=\"Namn\" id=\"name-1bef\" name=\"name-1\" class=\"u-input wpcf7-form-control u-input-rectangle\" required=\"\">\n                      <\/div>\n                      <div class=\"u-form-group wpcf7-form-control-wrap u-form-phone u-form-group wpcf7-form-control-wrap-3\">\n                        <label class=\"u-form-control-hidden u-label\"><\/label>\n                        <input type=\"tel\" placeholder=\"Ange ditt telefonnummer\" id=\"phone-aa25\" name=\"phone\" class=\"u-input wpcf7-form-control u-input-rectangle\" required=\"\">\n                      <\/div>\n                      <div class=\"u-form-email u-form-group wpcf7-form-control-wrap\">\n                        <label class=\"u-form-control-hidden u-label\"><\/label>\n                        <input type=\"email\" placeholder=\"Ange en giltig e-postadress\" id=\"email-a3fa\" name=\"email\" class=\"u-input wpcf7-form-control u-input-rectangle\" required=\"\">\n                      <\/div>\n                      <div class=\"u-form-group wpcf7-form-control-wrap u-form-message\">\n                        <label class=\"u-form-control-hidden u-label\"><\/label>\n                        <textarea placeholder=\"Meddelande fr\u00e5n avs\u00e4ndaren\" id=\"message-a3fa\" name=\"message\" class=\"u-input wpcf7-form-control u-input-rectangle\" required=\"\"><\/textarea>\n                      <\/div>\n                      <div class=\"u-align-center-md u-align-center-sm u-align-center-xs u-align-left-lg u-align-left-xl u-form-group wpcf7-form-control-wrap u-form-submit wpcf7-form-control\">\n                        <a href=\"#\" class=\"u-border-2 u-border-grey-75 u-border-hover-black u-btn u-btn-submit wpcf7-submit u-button-style u-hover-palette-3-base u-white u-btn-1\">Skicka<\/a>\n                        <input type=\"submit\" value=\"submit\" class=\"u-form-control-hidden\">\n                      <\/div>\n                      <div class=\"u-form-send-message u-form-send-success\">Thank you! Your message has been sent.<\/div>\n                      <div class=\"u-form-send-error u-form-send-message\">Unable to send your message. Please fix errors then try again.<\/div>\n                      <input type=\"hidden\" value=\"\" name=\"recaptchaResponse\">\n                    <input type=\"hidden\" name=\"_contact7_backend\" value=\"1\"><div class=\"wpcf7-response-output\" aria-hidden=\"true\"><\/div>\n<\/form>\n<\/div>\n\n                  <\/div>\n                <\/div>\n              <\/div>\n            <\/div>\n          <\/div>\n        <\/div>\n      <\/div>\n    <\/section>\n    \n    \n    \n  \n","protected":false},"excerpt":{"rendered":"<p>Kontakta oss Vill ni v\u00e4xa med tydligare riktning och b\u00e4ttre struktur? I m\u00e5nga \u00e4garledda B2B-f\u00f6retag \u00e4r problemet s\u00e4llan ambition eller kompetens. Det som oftare saknas \u00e4r tydlighet i vad som \u00e4r viktigast, vem som \u00e4ger vad och vilka beslut som faktiskt g\u00e4ller i vardagen. N\u00e4r ni kontaktar MoClarus b\u00f6rjar vi inte med en modell eller &hellip; <a href=\"https:\/\/moclarus.com\/?page_id=1266\" class=\"more-link\">Continue reading<span class=\"screen-reader-text\"> &#8220;Contact Us&#8221;<\/span><\/a><\/p>\n","protected":false},"author":3,"featured_media":0,"parent":0,"menu_order":5,"comment_status":"closed","ping_status":"closed","template":"","meta":{"footnotes":""},"class_list":["post-1266","page","type-page","status-publish","hentry"],"_links":{"self":[{"href":"https:\/\/moclarus.com\/index.php?rest_route=\/wp\/v2\/pages\/1266","targetHints":{"allow":["GET"]}}],"collection":[{"href":"https:\/\/moclarus.com\/index.php?rest_route=\/wp\/v2\/pages"}],"about":[{"href":"https:\/\/moclarus.com\/index.php?rest_route=\/wp\/v2\/types\/page"}],"author":[{"embeddable":true,"href":"https:\/\/moclarus.com\/index.php?rest_route=\/wp\/v2\/users\/3"}],"replies":[{"embeddable":true,"href":"https:\/\/moclarus.com\/index.php?rest_route=%2Fwp%2Fv2%2Fcomments&post=1266"}],"version-history":[{"count":9,"href":"https:\/\/moclarus.com\/index.php?rest_route=\/wp\/v2\/pages\/1266\/revisions"}],"predecessor-version":[{"id":2233,"href":"https:\/\/moclarus.com\/index.php?rest_route=\/wp\/v2\/pages\/1266\/revisions\/2233"}],"wp:attachment":[{"href":"https:\/\/moclarus.com\/index.php?rest_route=%2Fwp%2Fv2%2Fmedia&parent=1266"}],"curies":[{"name":"wp","href":"https:\/\/api.w.org\/{rel}","templated":true}]}}